{"id":18,"date":"2025-09-15T11:29:53","date_gmt":"2025-09-15T11:29:53","guid":{"rendered":"https:\/\/www.tresors-des-mers.com\/?page_id=18"},"modified":"2025-09-15T11:29:53","modified_gmt":"2025-09-15T11:29:53","slug":"agb","status":"publish","type":"page","link":"https:\/\/www.tresors-des-mers.com\/de\/cgv\/","title":{"rendered":"Allgemeine Verkaufsbedingungen f\u00fcr Produkte, die auf Tr\u00e9sors des mers verkauft werden"},"content":{"rendered":"<h1 class=\"wp-block-heading\">Allgemeine Verkaufsbedingungen f\u00fcr Produkte, die auf Tr\u00e9sors des mers verkauft werden<\/h1>\n\n\n\n<p>Datum der letzten Aktualisierung<\/p>\n\n\n\n<h2 class=\"wp-block-heading\" id=\"h-article-1-objet\">Artikel 1 \u2013 Gegenstand<\/h2>\n\n\n\n<p>Die vorliegenden Bedingungen regeln den Verkauf durch das Unternehmen Tr\u00e9sors des mers.<\/p>\n\n\n\n<h2 class=\"wp-block-heading\" id=\"h-article-2-prix\">Artikel 2 \u2013 Preis<\/h2>\n\n\n\n<p>Die Preise unserer Produkte sind in Euro inklusive aller Steuern (Mehrwertsteuer und andere am Tag der Bestellung geltende Steuern) angegeben, sofern nicht anders angegeben und ohne Bearbeitungs- und Versandkosten. Bei Bestellungen in ein anderes Land als das franz\u00f6sische Mutterland sind Sie der Importeur der betreffenden Produkte. Es k\u00f6nnen Zollgeb\u00fchren oder andere lokale Steuern oder Einfuhrz\u00f6lle oder staatliche Steuern anfallen. Diese Geb\u00fchren und Betr\u00e4ge fallen nicht in den Zust\u00e4ndigkeitsbereich des Unternehmens.&nbsp;<strong>Gesch\u00e4ftsf\u00fchrer<\/strong>. Sie gehen zu Ihren Lasten und unterliegen Ihrer alleinigen Verantwortung, sowohl hinsichtlich der Meldungen als auch der Zahlungen an die zust\u00e4ndigen Beh\u00f6rden und Stellen Ihres Landes. Wir empfehlen Ihnen, sich bei Ihren lokalen Beh\u00f6rden \u00fcber diese Aspekte zu informieren. Alle Bestellungen, unabh\u00e4ngig von ihrer Herkunft, sind in Euro zu bezahlen. Das Unternehmen&nbsp;<strong>Gesch\u00e4ftsf\u00fchrer<\/strong>&nbsp;beh\u00e4lt sich das Recht vor, seine Preise jederzeit zu \u00e4ndern, aber das Produkt wird auf der Grundlage des zum Zeitpunkt der Best\u00e4tigung der Bestellung g\u00fcltigen Preises und vorbehaltlich der Verf\u00fcgbarkeit in Rechnung gestellt. Die Produkte bleiben Eigentum des Unternehmens.&nbsp;<strong>Gesch\u00e4ftsf\u00fchrer<\/strong>&nbsp;bis zur vollst\u00e4ndigen Bezahlung des Kaufpreises. Achtung: Sobald Sie die bestellten Produkte physisch in Besitz nehmen, geht das Risiko des Verlusts oder der Besch\u00e4digung der Produkte auf Sie \u00fcber.<\/p>\n\n\n\n<h2 class=\"wp-block-heading\" id=\"h-article-3-enregistrement-et-validation-de-commande\">Artikel 3 \u2013 REGISTRIERUNG UND BEST\u00c4TIGUNG DER BESTELLUNG<\/h2>\n\n\n\n<h3 class=\"wp-block-heading\" id=\"h-3-1-navigation-a-l-interieur-du-site\">3.1 Navigation innerhalb der Website<\/h3>\n\n\n\n<p>Der Nutzer kann sich auf der Website von Tr\u00e9sors des mers \u00fcber die verschiedenen zum Verkauf angebotenen Produkte informieren.<br>Der Nutzer kann frei auf den verschiedenen Seiten der Website surfen, ohne sich zu einer Bestellung verpflichten zu m\u00fcssen.<\/p>\n\n\n\n<h3 class=\"wp-block-heading\" id=\"h-3-2-enregistrement-d-une-commande\">3.2 Registrierung einer Bestellung<\/h3>\n\n\n\n<p>Wenn der Nutzer eine Bestellung aufgeben m\u00f6chte, w\u00e4hlt er die verschiedenen Produkte aus, f\u00fcr die er sich interessiert, und bekundet dieses Interesse, indem er auf das Symbol \u00abWarenkorb\u00bb klickt.<br>Der Nutzer kann jederzeit:<\/p>\n\n\n\n<ul class=\"wp-block-list\">\n<li>eine \u00dcbersicht der von ihm ausgew\u00e4hlten Produkte erhalten, indem er auf den Warenkorb klickt.<\/li>\n\n\n\n<li>die Produktauswahl fortsetzen oder \u00e4ndern, indem Sie auf \u201cWeiter einkaufen\u201d klicken.<\/li>\n\n\n\n<li>die Produktauswahl abschlie\u00dfen und diese Produkte bestellen, indem er auf \u201cZur Kasse gehen\u201d klickt.<\/li>\n<\/ul>\n\n\n\n<p>Um die ausgew\u00e4hlten Produkte zu bestellen, muss sich jeder Nutzer nach dem Klicken auf \u201cZur Kasse gehen\u201d identifizieren, indem er seine E-Mail-Adresse und das Passwort eingibt, das er zuvor bei der Erstellung seines Kontos gew\u00e4hlt hat, oder, wenn es sich um seine erste Bestellung handelt, auf \u00abKonto erstellen\u00bb klicken. In diesem Fall muss der Nutzer das ihm zur Verf\u00fcgung gestellte Formular korrekt ausf\u00fcllen und insbesondere die f\u00fcr seine Identifizierung erforderlichen Informationen, insbesondere seinen Namen, Vornamen und seine Postanschrift, angeben. Dar\u00fcber hinaus muss der Nutzer seine E-Mail-Adresse und ein Passwort seiner Wahl angeben, das pers\u00f6nlich und vertraulich ist und das er sp\u00e4ter zur Identifizierung auf der Website ben\u00f6tigt.<br>Der Nutzer wird dar\u00fcber informiert und akzeptiert, dass die Eingabe dieser beiden Identifikationsdaten als Nachweis seiner Identit\u00e4t gilt und seine Zustimmung zum Ausdruck bringt.<br>Sobald sich der Nutzer identifiziert hat, muss er die Lieferadresse best\u00e4tigen. Anschlie\u00dfend erscheint ein Bestellformular auf dem Bildschirm, das folgende Angaben enth\u00e4lt: Art, Menge und Preis der vom Nutzer ausgew\u00e4hlten Produkte sowie den Gesamtbetrag der Bestellung, die Versandkosten, die Lieferfrist, die Kontaktdaten des Nutzers und die Lieferadresse f\u00fcr die Produkte.<\/p>\n\n\n\n<h5 class=\"wp-block-heading\" id=\"h-offres-commerciales\">Kommerzielle Angebote<\/h5>\n\n\n\n<p>Um ein an ihn gerichtetes kommerzielles Angebot in Anspruch nehmen zu k\u00f6nnen, muss der Nutzer seinen \u201dPromo-Code\u201c in das daf\u00fcr vorgesehene Feld auf der Zahlungsseite eingeben und best\u00e4tigen.<\/p>\n\n\n\n<h3 class=\"wp-block-heading\" id=\"h-3-3-validation-definitive-de-la-commande-et-paiement\">3.3 Endg\u00fcltige Best\u00e4tigung der Bestellung und Bezahlung<\/h3>\n\n\n\n<p>Nachdem der Nutzer den Status seiner Bestellung \u00fcberpr\u00fcft und alle erforderlichen Angaben gemacht hat, wird eine Zusammenfassung dieser Angaben und der Bestellung angezeigt. Der Nutzer muss nun die gew\u00fcnschte Zahlungsart ausw\u00e4hlen, um seine Bestellung endg\u00fcltig zu best\u00e4tigen.<br>Bestellungen sind zahlbar in:<\/p>\n\n\n\n<ul class=\"wp-block-list\">\n<li>Euro per franz\u00f6sischer oder internationaler Kreditkarte\u00a0<\/li>\n<\/ul>\n\n\n\n<p>Es wird darauf hingewiesen, dass bei einer sofortigen Zahlung per Kreditkarte diese  durch SSL-Verschl\u00fcsselung (Secure Socket Layer) gesichert wird, um alle mit den Zahlungsmitteln verbundenen Daten zu sch\u00fctzen, und dass die Bankdaten des Nutzers zu keinem Zeitpunkt \u00fcber das IT-System von Tr\u00e9sors des mers \u00fcbertragen werden.<br>Sobald er seine Zahlung best\u00e4tigt hat, wird die Bestellung registriert. Der Nutzer wird zum Kunden. Der Bestellschein wird in den elektronischen Registern von Tr\u00e9sors des mers gespeichert und gilt als Nachweis f\u00fcr das zwischen den Parteien zustande gekommene Vertragsverh\u00e4ltnis.<br>Der Kunde hat ein Widerrufs- und R\u00fcckgaberecht innerhalb einer Frist von vierzehn (14) Werktagen ab dem Datum des Erhalts der Produkte durch den Kunden.<\/p>\n\n\n\n<h3 class=\"wp-block-heading\" id=\"h-3-4-confirmation-de-la-commande\">3.4 Auftragsbest\u00e4tigung<\/h3>\n\n\n\n<p>Nach Best\u00e4tigung der Bestellung wird eine Zusammenfassung der Bestellung angezeigt.<br>Diese Best\u00e4tigung enth\u00e4lt alle wesentlichen Bestandteile des zwischen den Parteien geschlossenen Vertrags.<br>Diese Bestell\u00fcbersicht wird dem Kunden ebenfalls innerhalb weniger Minuten nach dem Kauf per E-Mail zugeschickt.<br>Der Kunde hat anschlie\u00dfend Zugriff auf die \u201cBestellverfolgung\u201d, indem er auf \u201cAnmelden\u201d klickt und sich mit seiner E-Mail-Adresse und seinem Passwort identifiziert.<\/p>\n\n\n\n<h3 class=\"wp-block-heading\" id=\"h-3-5-modification-d-une-commande\">3.5 \u00c4nderung einer Bestellung<\/h3>\n\n\n\n<p>Die Nachverfolgung der aufgegebenen Bestellungen ist \u00fcber das Men\u00fc \u00abAnmelden\u00bb zug\u00e4nglich.<br>Um eine Bestellung zu \u00e4ndern, m\u00fcssen Sie die Bestellung stornieren, sie wieder in den Warenkorb legen und dann wie gew\u00fcnscht korrigieren, bevor Sie sie best\u00e4tigen.<br>Die \u00c4nderung oder Stornierung einer Bestellung ist nur m\u00f6glich, wenn ihr Status \u00abRegistriert\u00bb lautet.<br>Eine Bestellung mit dem Status \u00abin Vorbereitung\u00bb oder \u00abversandt\u00bb kann nicht mehr ge\u00e4ndert werden.<\/p>\n\n\n\n<h2 class=\"wp-block-heading\" id=\"h-article-4-paiement\">Artikel 4 \u2013 Zahlung<\/h2>\n\n\n\n<p>Mit der Best\u00e4tigung Ihrer Bestellung verpflichten Sie sich zur Zahlung des angegebenen Preises. Die Bezahlung Ihrer Eink\u00e4ufe erfolgt per Kreditkarte \u00fcber ein sicheres Zahlungssystem. Die Belastung Ihrer Kreditkarte erfolgt erst zum Zeitpunkt des Versands der Bestellung. Bei Teillieferungen werden nur die versandten Produkte in Rechnung gestellt.<\/p>\n\n\n\n<h2 class=\"wp-block-heading\" id=\"h-article-5-retour-remboursement-et-droit-de-retractation\">Artikel 5 \u2013 R\u00dcCKSENDUNG \u2013 R\u00dcCKERSTATTUNG UND WIDERRUFSRECHT<\/h2>\n\n\n\n<h3 class=\"wp-block-heading\" id=\"h-conditions-de-retractation\">Widerrufsbedingungen<\/h3>\n\n\n\n<p>Der Kunde hat ein vierzehnt\u00e4giges (14) R\u00fcckgaberecht ab Erhalt seiner gesamten Bestellung, um ohne Angabe von Gr\u00fcnden vom Vertrag zur\u00fcckzutreten.<br>Um sein Widerrufsrecht auszu\u00fcben, muss der Kunde seine Entscheidung, seine Bestellung zu widerrufen, durch eine eindeutige Erkl\u00e4rung unter Angabe seines Vor- und Nachnamens, seiner E-Mail-Adresse, seiner Anschrift sowie der Bestellnummer und des Bestelldatums mitteilen:<\/p>\n\n\n\n<ul class=\"wp-block-list\">\n<li>per E-Mail: contact@tresors-des-mers.com<\/li>\n<\/ul>\n\n\n\n<h3 class=\"wp-block-heading\" id=\"h-remboursement\">R\u00fcckerstattung<\/h3>\n\n\n\n<p>Im Falle eines Widerrufs durch den Kunden erstattet Tr\u00e9sors des mers die vom Kunden erhaltenen Zahlungen, sp\u00e4testens jedoch vierzehn (14) Tage nach dem Tag, an dem Tr\u00e9sors des mers \u00fcber die Widerrufsentscheidung des Kunden informiert wurde.<br>Im Falle eines Widerrufs des Kunden hinsichtlich seiner gesamten Bestellung erstattet Tr\u00e9sors des mers alle vom Kunden f\u00fcr diese Bestellung erhaltenen Zahlungen zur\u00fcck.<br>Im Falle eines Widerrufs des Kunden f\u00fcr einen Teil der Produkte der Bestellung erstattet Tr\u00e9sors des mers den Betrag der zur\u00fcckgesandten Produkte.<br>Die R\u00fcckerstattung erfolgt \u00fcber dasselbe Zahlungsmittel, das der Kunde f\u00fcr seine Bestellung verwendet hat, oder per Bank\u00fcberweisung.<br>Tr\u00e9sors des mers kann diese R\u00fcckzahlung bis zum Erhalt und zur \u00dcberpr\u00fcfung der Produkte aufschieben.<\/p>\n\n\n\n<h3 class=\"wp-block-heading\" id=\"h-retour-des-produits\">R\u00fccksendung von Produkten<\/h3>\n\n\n\n<p>Der Kunde muss die Produkte sp\u00e4testens vierzehn (14) Tage nach Mitteilung seines Widerrufs zur\u00fcckgeben.<br>Die zur\u00fcckgesandten Produkte m\u00fcssen unbenutzt, vollst\u00e4ndig und unbesch\u00e4digt sein.<br>Die R\u00fccksendung der Pakete muss an folgende Adresse erfolgen:<br>Der Kunde \u00fcbernimmt die Kosten f\u00fcr die R\u00fccksendung der gesamten Bestellung oder der Produkte.<\/p>\n\n\n\n<h2 class=\"wp-block-heading\" id=\"h-article-6-livraison\">Artikel 6 \u2013 Lieferung<\/h2>\n\n\n\n<p>Die Produkte werden an die w\u00e4hrend des Bestellvorgangs angegebene Lieferadresse innerhalb der auf der Bestellbest\u00e4tigungsseite angegebenen Frist geliefert. Bei einer Versandverz\u00f6gerung erhalten Sie eine E-Mail, in der Sie \u00fcber m\u00f6gliche Auswirkungen auf die Ihnen angegebene Lieferfrist informiert werden. Gem\u00e4\u00df den gesetzlichen Bestimmungen haben Sie im Falle einer Lieferverz\u00f6gerung die M\u00f6glichkeit, die Bestellung unter den in Artikel L 138-2 des Verbraucherschutzgesetzes festgelegten Bedingungen und Modalit\u00e4ten zu stornieren. Wenn Sie das Produkt in der Zwischenzeit erhalten, erstatten wir Ihnen den Kaufpreis und die Versandkosten gem\u00e4\u00df den Bedingungen von Artikel L 138-3 des Verbraucherschutzgesetzes. Bei Lieferungen durch einen Spediteur \u00fcbernimmt das Unternehmen&nbsp;<strong>Gesch\u00e4ftsf\u00fchrer<\/strong>&nbsp;kann nicht f\u00fcr Lieferverz\u00f6gerungen haftbar gemacht werden, die ausschlie\u00dflich auf die Nichtverf\u00fcgbarkeit des Kunden nach mehreren Terminvorschl\u00e4gen zur\u00fcckzuf\u00fchren sind.<\/p>\n\n\n\n<h2 class=\"wp-block-heading\" id=\"h-article-7-garantie\">Artikel 7 \u2013 Garantie<\/h2>\n\n\n\n<p>Alle unsere Produkte unterliegen der gesetzlichen Konformit\u00e4tsgarantie und der Garantie f\u00fcr versteckte M\u00e4ngel gem\u00e4\u00df Artikel 1641 ff. des franz\u00f6sischen Zivilgesetzbuchs. Bei Nichtkonformit\u00e4t eines verkauften Produkts kann dieses zur\u00fcckgegeben, umgetauscht oder erstattet werden. Alle Reklamationen, Umtausch- oder Erstattungsantr\u00e4ge m\u00fcssen innerhalb von 30 Tagen nach Lieferung erfolgen. Die Produkte m\u00fcssen in dem Zustand, in dem Sie sie erhalten haben, mit allen Bestandteilen (Zubeh\u00f6r, Verpackung, Gebrauchsanweisung usw.) an uns zur\u00fcckgesandt werden. Die Versandkosten werden Ihnen auf der Grundlage des in Rechnung gestellten Tarifs erstattet, und die R\u00fccksendekosten werden Ihnen gegen Vorlage der Belege erstattet. Die Bestimmungen dieses Artikels hindern Sie nicht daran, von dem in Artikel 6 vorgesehenen Widerrufsrecht Gebrauch zu machen.<\/p>\n\n\n\n<h2 class=\"wp-block-heading\" id=\"h-article-8-responsabilite\">Artikel 8 \u2013 Haftung<\/h2>\n\n\n\n<p>Die angebotenen Produkte entsprechen den geltenden franz\u00f6sischen Rechtsvorschriften. Die Verantwortung des Unternehmens&nbsp;<strong>Gesch\u00e4ftsf\u00fchrer<\/strong>&nbsp;kann nicht haftbar gemacht werden, wenn die Gesetze des Landes, in das das Produkt geliefert wird, nicht eingehalten werden. Es liegt in Ihrer Verantwortung, sich bei den \u00f6rtlichen Beh\u00f6rden \u00fcber die M\u00f6glichkeiten der Einfuhr oder Verwendung der Produkte oder Dienstleistungen, die Sie bestellen m\u00f6chten, zu informieren. Dar\u00fcber hinaus ist das Unternehmen&nbsp;<strong>Gesch\u00e4ftsf\u00fchrer<\/strong>&nbsp;kann nicht f\u00fcr Sch\u00e4den haftbar gemacht werden, die durch unsachgem\u00e4\u00dfen Gebrauch des gekauften Produkts entstehen. Schlie\u00dflich haftet das Unternehmen&nbsp;<strong>Gesch\u00e4ftsf\u00fchrer<\/strong>&nbsp;kann nicht f\u00fcr alle Unannehmlichkeiten oder Sch\u00e4den haftbar gemacht werden, die mit der Nutzung des Internets verbunden sind, insbesondere f\u00fcr einen Ausfall des Dienstes, ein Eindringen von au\u00dfen oder das Vorhandensein von Computerviren.<\/p>\n\n\n\n<h2 class=\"wp-block-heading\" id=\"h-article-9-droit-applicable-en-cas-de-litiges\">Artikel 9 \u2013 Anwendbares Recht bei Streitigkeiten<\/h2>\n\n\n\n<p>Die Sprache des vorliegenden Vertrags ist Franz\u00f6sisch. Die vorliegenden Verkaufsbedingungen unterliegen franz\u00f6sischem Recht. Im Falle eines Rechtsstreits sind ausschlie\u00dflich franz\u00f6sische Gerichte zust\u00e4ndig.<\/p>\n\n\n\n<h2 class=\"wp-block-heading\" id=\"h-article-10-propriete-intellectuelle\">Artikel 10 \u2013 Geistiges Eigentum<\/h2>\n\n\n\n<p>Alle Elemente der Website \u201eTr\u00e9sors des mers\u201c sind und bleiben das ausschlie\u00dfliche geistige Eigentum des Unternehmens.\u00a0<strong>Gesch\u00e4ftsf\u00fchrer<\/strong>. Niemand ist berechtigt, Elemente der Website, seien es Software, Bilder oder Tonaufnahmen, ganz oder teilweise zu vervielf\u00e4ltigen, zu verwerten, weiterzuverbreiten oder in irgendeiner Weise zu nutzen. Jeder einfache Link oder Hypertext-Link ist ohne ausdr\u00fcckliche schriftliche Zustimmung des Unternehmens strengstens untersagt.\u00a0<strong>Gesch\u00e4ftsf\u00fchrer<\/strong>. Artikel 13 \u2013 Personenbezogene Daten Das Unternehmen\u00a0<strong>Gesch\u00e4ftsf\u00fchrer<\/strong>\u00a0beh\u00e4lt sich das Recht vor, personenbezogene Daten und Informationen \u00fcber Sie zu sammeln. Diese sind f\u00fcr die Bearbeitung Ihrer Bestellung sowie f\u00fcr die Verbesserung der Dienstleistungen und Informationen, die wir Ihnen zusenden, erforderlich. Sie k\u00f6nnen auch an Unternehmen weitergegeben werden, die zu diesen Beziehungen beitragen, wie z. B. diejenigen, die mit der Ausf\u00fchrung von Dienstleistungen und Bestellungen f\u00fcr deren Verwaltung, Ausf\u00fchrung, Bearbeitung und Bezahlung beauftragt sind. Diese Informationen und Daten werden auch zu Sicherheitszwecken gespeichert, um den gesetzlichen und beh\u00f6rdlichen Verpflichtungen nachzukommen. Gem\u00e4\u00df dem Gesetz vom 6. Januar 1978 haben Sie das Recht, direkt auf der Website auf Ihre personenbezogenen Daten zuzugreifen, diese zu berichtigen und ihnen zu widersprechen.<\/p>\n\n\n\n<h2 class=\"wp-block-heading\" id=\"h-article-11-archivage-preuve\">Artikel 11 \u2013 Archivierung von Nachweisen<\/h2>\n\n\n\n<p>Das Unternehmen&nbsp;<strong>Gesch\u00e4ftsf\u00fchrer<\/strong>&nbsp;die Bestellscheine und Rechnungen auf einem zuverl\u00e4ssigen und dauerhaften Tr\u00e4ger archiviert, der eine originalgetreue Kopie gem\u00e4\u00df den Bestimmungen von Artikel 1348 des B\u00fcrgerlichen Gesetzbuches darstellt. Die elektronischen Verzeichnisse des Unternehmens&nbsp;<strong>Gesch\u00e4ftsf\u00fchrer<\/strong>&nbsp;werden von allen beteiligten Parteien als Nachweis f\u00fcr die zwischen den Parteien erfolgten Mitteilungen, Bestellungen, Zahlungen und Transaktionen angesehen.<\/p>","protected":false},"excerpt":{"rendered":"<p>Conditions g\u00e9n\u00e9rales de vente des produits vendus sur Tr\u00e9sors des mers Date de derni\u00e8re mise \u00e0 jour Article 1 \u2013 Objet Les pr\u00e9sentes conditions r\u00e9gissent les ventes par la soci\u00e9t\u00e9\u00a0Tr\u00e9sors des mers Article 2 \u2013 Prix Les prix de nos produits sont indiqu\u00e9s en euros toutes taxes comprises (TVA et autres taxes applicables au jour [&#8230;]\n","protected":false},"author":1,"featured_media":0,"parent":0,"menu_order":0,"comment_status":"closed","ping_status":"closed","template":"","meta":{"footnotes":""},"class_list":["post-18","page","type-page","status-publish","hentry"],"yoast_head":"<!-- This site is optimized with the Yoast SEO plugin v27.0 - https:\/\/yoast.com\/product\/yoast-seo-wordpress\/ -->\n<title>Conditions g\u00e9n\u00e9rales de vente des produits vendus sur Tr\u00e9sors des mers -<\/title>\n<meta name=\"robots\" content=\"index, follow, max-snippet:-1, max-image-preview:large, max-video-preview:-1\" \/>\n<link rel=\"canonical\" href=\"https:\/\/www.tresors-des-mers.com\/de\/agb\/\" \/>\n<meta property=\"og:locale\" content=\"de_DE\" \/>\n<meta property=\"og:type\" content=\"article\" \/>\n<meta property=\"og:title\" content=\"Conditions g\u00e9n\u00e9rales de vente des produits vendus sur Tr\u00e9sors des mers -\" \/>\n<meta property=\"og:description\" content=\"Conditions g\u00e9n\u00e9rales de vente des produits vendus sur Tr\u00e9sors des mers Date de derni\u00e8re mise \u00e0 jour Article 1 \u2013 Objet Les pr\u00e9sentes conditions r\u00e9gissent les ventes par la soci\u00e9t\u00e9\u00a0Tr\u00e9sors des mers Article 2 \u2013 Prix Les prix de nos produits sont indiqu\u00e9s en euros toutes taxes comprises (TVA et autres taxes applicables au jour [...]\" \/>\n<meta property=\"og:url\" content=\"https:\/\/www.tresors-des-mers.com\/de\/agb\/\" \/>\n<meta name=\"twitter:card\" content=\"summary_large_image\" \/>\n<meta name=\"twitter:label1\" content=\"Gesch\u00e4tzte Lesezeit\" \/>\n\t<meta name=\"twitter:data1\" content=\"10\u00a0Minuten\" \/>\n<script type=\"application\/ld+json\" class=\"yoast-schema-graph\">{\"@context\":\"https:\/\/schema.org\",\"@graph\":[{\"@type\":\"WebPage\",\"@id\":\"https:\/\/www.tresors-des-mers.com\/cgv\/\",\"url\":\"https:\/\/www.tresors-des-mers.com\/cgv\/\",\"name\":\"Conditions g\u00e9n\u00e9rales de vente des produits vendus sur Tr\u00e9sors des mers -\",\"isPartOf\":{\"@id\":\"https:\/\/www.tresors-des-mers.com\/#website\"},\"datePublished\":\"2025-09-15T11:29:53+00:00\",\"breadcrumb\":{\"@id\":\"https:\/\/www.tresors-des-mers.com\/cgv\/#breadcrumb\"},\"inLanguage\":\"de\",\"potentialAction\":[{\"@type\":\"ReadAction\",\"target\":[\"https:\/\/www.tresors-des-mers.com\/cgv\/\"]}]},{\"@type\":\"BreadcrumbList\",\"@id\":\"https:\/\/www.tresors-des-mers.com\/cgv\/#breadcrumb\",\"itemListElement\":[{\"@type\":\"ListItem\",\"position\":1,\"name\":\"Accueil\",\"item\":\"https:\/\/www.tresors-des-mers.com\/\"},{\"@type\":\"ListItem\",\"position\":2,\"name\":\"Conditions g\u00e9n\u00e9rales de vente des produits vendus sur Tr\u00e9sors des mers\"}]},{\"@type\":\"WebSite\",\"@id\":\"https:\/\/www.tresors-des-mers.com\/#website\",\"url\":\"https:\/\/www.tresors-des-mers.com\/\",\"name\":\"Tresors des mers\",\"description\":\"\",\"publisher\":{\"@id\":\"https:\/\/www.tresors-des-mers.com\/#organization\"},\"potentialAction\":[{\"@type\":\"SearchAction\",\"target\":{\"@type\":\"EntryPoint\",\"urlTemplate\":\"https:\/\/www.tresors-des-mers.com\/?s={search_term_string}\"},\"query-input\":{\"@type\":\"PropertyValueSpecification\",\"valueRequired\":true,\"valueName\":\"search_term_string\"}}],\"inLanguage\":\"de\"},{\"@type\":\"Organization\",\"@id\":\"https:\/\/www.tresors-des-mers.com\/#organization\",\"name\":\"https:\/\/www.tresors-des-mers.com\/\",\"url\":\"https:\/\/www.tresors-des-mers.com\/\",\"logo\":{\"@type\":\"ImageObject\",\"inLanguage\":\"de\",\"@id\":\"https:\/\/www.tresors-des-mers.com\/#\/schema\/logo\/image\/\",\"url\":\"https:\/\/www.tresors-des-mers.com\/wp-content\/uploads\/2025\/03\/banniere-tresors-des-mers.jpg\",\"contentUrl\":\"https:\/\/www.tresors-des-mers.com\/wp-content\/uploads\/2025\/03\/banniere-tresors-des-mers.jpg\",\"width\":1920,\"height\":600,\"caption\":\"https:\/\/www.tresors-des-mers.com\/\"},\"image\":{\"@id\":\"https:\/\/www.tresors-des-mers.com\/#\/schema\/logo\/image\/\"}}]}<\/script>\n<!-- \/ Yoast SEO plugin. -->","yoast_head_json":{"title":"Allgemeine Gesch\u00e4ftsbedingungen f\u00fcr den Verkauf von Produkten auf Tr\u00e9sors des mers -","robots":{"index":"index","follow":"follow","max-snippet":"max-snippet:-1","max-image-preview":"max-image-preview:large","max-video-preview":"max-video-preview:-1"},"canonical":"https:\/\/www.tresors-des-mers.com\/de\/agb\/","og_locale":"de_DE","og_type":"article","og_title":"Conditions g\u00e9n\u00e9rales de vente des produits vendus sur Tr\u00e9sors des mers -","og_description":"Conditions g\u00e9n\u00e9rales de vente des produits vendus sur Tr\u00e9sors des mers Date de derni\u00e8re mise \u00e0 jour Article 1 \u2013 Objet Les pr\u00e9sentes conditions r\u00e9gissent les ventes par la soci\u00e9t\u00e9\u00a0Tr\u00e9sors des mers Article 2 \u2013 Prix Les prix de nos produits sont indiqu\u00e9s en euros toutes taxes comprises (TVA et autres taxes applicables au jour [...]","og_url":"https:\/\/www.tresors-des-mers.com\/de\/agb\/","twitter_card":"summary_large_image","twitter_misc":{"Gesch\u00e4tzte Lesezeit":"10\u00a0Minuten"},"schema":{"@context":"https:\/\/schema.org","@graph":[{"@type":"WebPage","@id":"https:\/\/www.tresors-des-mers.com\/cgv\/","url":"https:\/\/www.tresors-des-mers.com\/cgv\/","name":"Allgemeine Gesch\u00e4ftsbedingungen f\u00fcr den Verkauf von Produkten auf Tr\u00e9sors des mers -","isPartOf":{"@id":"https:\/\/www.tresors-des-mers.com\/#website"},"datePublished":"2025-09-15T11:29:53+00:00","breadcrumb":{"@id":"https:\/\/www.tresors-des-mers.com\/cgv\/#breadcrumb"},"inLanguage":"de","potentialAction":[{"@type":"ReadAction","target":["https:\/\/www.tresors-des-mers.com\/cgv\/"]}]},{"@type":"BreadcrumbList","@id":"https:\/\/www.tresors-des-mers.com\/cgv\/#breadcrumb","itemListElement":[{"@type":"ListItem","position":1,"name":"Accueil","item":"https:\/\/www.tresors-des-mers.com\/"},{"@type":"ListItem","position":2,"name":"Conditions g\u00e9n\u00e9rales de vente des produits vendus sur Tr\u00e9sors des mers"}]},{"@type":"WebSite","@id":"https:\/\/www.tresors-des-mers.com\/#website","url":"https:\/\/www.tresors-des-mers.com\/","name":"Sch\u00e4tze der Meere","description":"","publisher":{"@id":"https:\/\/www.tresors-des-mers.com\/#organization"},"potentialAction":[{"@type":"SearchAction","target":{"@type":"EntryPoint","urlTemplate":"https:\/\/www.tresors-des-mers.com\/?s={search_term_string}"},"query-input":{"@type":"PropertyValueSpecification","valueRequired":true,"valueName":"search_term_string"}}],"inLanguage":"de"},{"@type":"Organization","@id":"https:\/\/www.tresors-des-mers.com\/#organization","name":"https:\/\/www.tresors-des-mers.com\/","url":"https:\/\/www.tresors-des-mers.com\/","logo":{"@type":"ImageObject","inLanguage":"de","@id":"https:\/\/www.tresors-des-mers.com\/#\/schema\/logo\/image\/","url":"https:\/\/www.tresors-des-mers.com\/wp-content\/uploads\/2025\/03\/banniere-tresors-des-mers.jpg","contentUrl":"https:\/\/www.tresors-des-mers.com\/wp-content\/uploads\/2025\/03\/banniere-tresors-des-mers.jpg","width":1920,"height":600,"caption":"https:\/\/www.tresors-des-mers.com\/"},"image":{"@id":"https:\/\/www.tresors-des-mers.com\/#\/schema\/logo\/image\/"}}]}},"_links":{"self":[{"href":"https:\/\/www.tresors-des-mers.com\/de\/wp-json\/wp\/v2\/pages\/18","targetHints":{"allow":["GET"]}}],"collection":[{"href":"https:\/\/www.tresors-des-mers.com\/de\/wp-json\/wp\/v2\/pages"}],"about":[{"href":"https:\/\/www.tresors-des-mers.com\/de\/wp-json\/wp\/v2\/types\/page"}],"author":[{"embeddable":true,"href":"https:\/\/www.tresors-des-mers.com\/de\/wp-json\/wp\/v2\/users\/1"}],"replies":[{"embeddable":true,"href":"https:\/\/www.tresors-des-mers.com\/de\/wp-json\/wp\/v2\/comments?post=18"}],"version-history":[{"count":1,"href":"https:\/\/www.tresors-des-mers.com\/de\/wp-json\/wp\/v2\/pages\/18\/revisions"}],"predecessor-version":[{"id":144,"href":"https:\/\/www.tresors-des-mers.com\/de\/wp-json\/wp\/v2\/pages\/18\/revisions\/144"}],"wp:attachment":[{"href":"https:\/\/www.tresors-des-mers.com\/de\/wp-json\/wp\/v2\/media?parent=18"}],"curies":[{"name":"wp","href":"https:\/\/api.w.org\/{rel}","templated":true}]}}