{"id":3,"date":"2025-03-29T14:46:33","date_gmt":"2025-03-29T14:46:33","guid":{"rendered":"https:\/\/www.tresors-des-mers.com\/?page_id=3"},"modified":"2025-09-15T11:33:15","modified_gmt":"2025-09-15T11:33:15","slug":"datenschutzerklarung","status":"publish","type":"page","link":"https:\/\/www.tresors-des-mers.com\/de\/politique-de-confidentialite\/","title":{"rendered":"VERWENDUNG VON PERSONENBEZOGENEN DATEN"},"content":{"rendered":"<h1 class=\"wp-block-heading\">VERWENDUNG VON PERSONENBEZOGENEN DATEN<\/h1>\n\n\n\n<p>Die Website https:\/\/www.tresors-des-mers.com\/ wurde von Tr\u00e9sors des mers entwickelt.<\/p>\n\n\n\n<p>Bei Fragen wenden Sie sich bitte per E-Mail an uns: \u0441\u043ent\u0430\u0441t@tresors-des-mers.com<\/p>\n\n\n\n<p>F\u00fcr seine T\u00e4tigkeit sammelt Tr\u00e9sors des mers Daten, die Ihnen geh\u00f6ren und die Sie bei Ihrer Registrierung als Nutzer der Website oder Kunde angegeben habenNutzer der Website oder Kunde angegeben haben.<\/p>\n\n\n\n<p>Alle Bestimmungen und Gesetze zum Datenschutz werden von Tr\u00e9sors des mers eingehalten.<\/p>\n\n\n\n<p>Sie k\u00f6nnen uns kontaktieren, um eine Mitteilung mit den Informationen zu erhalten, die wir \u00fcber Ihr Profil gespeichert haben.<\/p>\n\n\n\n<h3 class=\"wp-block-heading\" id=\"h-protection-des-donnees-personnelles\"><strong>\u0420R\u041e\u0422\u0415\u0421\u0422\u0406O N D\u0415\u0405 D\u041eNN\u00c9\u0415\u0405 \u0420\u0415R\u0405\u041eNN\u0415LL\u0415\u0405<\/strong><\/h3>\n\n\n\n<p><strong>Google Analytics, Google AdWords Conversion Tracking, Google Remarketing, Facebook<\/strong><\/p>\n\n\n\n<p>Diese Website verwendet Google Analytics, Google AdWords Conversion Tracking, Google Remarketing und Facebook Pixel. Google und Facebook verwenden Cookies (Textdateien), die auf Ihrem Computer gespeichert werden. Diese erm\u00f6glichen es, Ihre Nutzung der Website zu analysieren.<\/p>\n\n\n\n<p>Google Analytics und Facebook erfassen die Informationen anonym. Die Statistiken der Website enthalten keine personenbezogenen Angaben zu den Besuchern. Die verwendeten Cookies sind Double-Click-Cookies, die dazu dienen, Daten an Dritte weiterzugeben, die diese verarbeiten, um das Marketing f\u00fcr Produkte wie AdWords im Google-Netzwerk zu erm\u00f6glichen.Marketing f\u00fcr Produkte wie AdWords im Google-Netzwerk zu erm\u00f6glichen. Informationen wie die Besuchszeiten werden beispielsweise in Cookies gespeichert. Hinzu kommen erg\u00e4nzende Informationen: Handelt es sich um den ersten Besuch des Nutzers, welche Hinweise auf die Website den Besucher auf die Webseite gef\u00fchrt haben usw. Die von den Cookies bereitgestellten Informationen werden an die Server von Google und Facebook \u00fcbertragen, wo sie gespeichert werden. Google kann diese Informationen gegebenenfalls diese Informationen an Dritte weitergeben, wenn dies gesetzlich vorgeschrieben ist oder wenn Dritte diese Daten im Auftrag von Google verarbeiten. Google h\u00e4lt sich an die Bestimmungen zum Datenschutz der U.S. Safe Harbor (Sicherheitsbereich) ein und ist in der Liste der Teilnehmer am Safe Harbor-Programm des US-Handelsministeriums aufgef\u00fchrt. F\u00fcr Google AdWords Conversion Tracking wird ein Cookie verwendet, um die Leistung zu ermitteln, sobald Sie auf eine AdWords-Anzeige geklickt haben. Im Rahmen von Google Remarketing wird das Surfverhalten der Internetnutzer auf den Seiten der Website in anonymisierter Form mithilfe von Cookies f\u00fcr Marketingzwecke gespeichert und verwendet, um die Werbung an Ihre Interessen anzupassen.<\/p>\n\n\n\n<p>Pers\u00f6nliche Daten, die es erm\u00f6glichen w\u00fcrden, die Identit\u00e4t der Besucher der Website zu ermitteln, werden in keiner Weise erfasst.Identit\u00e4t der Besucher der Website zu ermitteln, werden von diesem System in keiner Weise erfasst oder gespeichert. Die Erfassung und Speicherung von Daten kann jederzeit unterbrochen werden. Sie k\u00f6nnen die Verwendung von Cookies f\u00fcr Google AdWords Conversion Tracking und Google Remarketing unter www.g\u043e\u043egl\u0435.\u0441\u043em\/\u0430d\u0455\/\u043fr\u0435f\u0435r\u0435n\u0441\u0435\u0455 und deaktivieren Sie sie unter www.n\u0435tw\u043erk\u0430dv\u0435rt\u0456\u0455\u0456ng.\u043erg\/m\u0430n\u0430g\u0456ng\/\u043e\u0440t_\u043eut.\u0430\u0455\u0440.<\/p>\n\n\n\n<p>Wenn Sie alle Cookies im Browser l\u00f6schen m\u00f6chten, m\u00fcssen Sie den Vorgang wiederholen. Sie k\u00f6nnen die Installation von Cookies in Ihrem Browser durch eine entsprechende Einstellung vollst\u00e4ndig verhindern. Wenn Sie Google Analytics deaktivieren m\u00f6chten, finden Sie das entsprechende Browser-Add-on unter htt\u0440\u0455:\/\/t\u043e\u043el\u0455.g\u043e\u043egl\u0435.\u0441\u043em\/dl\u0440\u0430g\u0435\/g\u0430\u043e\u0440t\u043eut?hl=fr.<\/p>\n\n\n\n<p>Durch die Nutzung dieser Website erkl\u00e4ren Sie sich mit der Speicherung und Verarbeitung Ihrer Daten zu dem oben genannten Zweck einverstanden. Weitere Informationen zur Werbung auf Google und zum Datenschutz finden Sie unter htt\u0440:\/\/www.g\u043e\u043egl\u0435.\u0441h\/\u0456ntl\/fr\/\u0440\u043el\u0456\u0441\u0456\u0435\u0455\/t\u0435\u0441hn\u043el\u043eg\u0456\u0435\u0455\/\u0430d\u0455\/.<\/p>\n\n\n\n<p><strong>SICHERHEITSVORSCHRIFTEN F\u00dcR DIE VERWALTUNG VON DATEN<\/strong><\/p>\n\n\n\n<p>Alle Informationen, die Sie auf Ihrer Website speichern, k\u00f6nnen von anderen Internetnutzern gelesen werden. Deshalb bitten wir Sie, wachsam zu sein und sich Ihrer Verantwortung in Bezug auf Ihre sensiblen Daten (z. B. Adressen, Telefonnummern) und Ihre vertraulichen Daten (z. B. Passw\u00f6rter, Identifikationsnummern) zu sch\u00fctzen. Beachten Sie, dass Passwortfelder nicht vor unbefugtem Zugriff (Hacking) gesch\u00fctzt sind.<\/p>\n\n\n\n<p><strong>TRANSMISSION DER INFORMATIONEN VON TRESORS DES MERS<\/strong><\/p>\n\n\n\n<p>Ihre Daten werden nicht an Dritte verkauft.<\/p>\n\n\n\n<p>Dar\u00fcber hinaus geben wir ohne Ihre Zustimmung keine personenbezogenen Daten an Dritte weiter, es sei denn, dies ist zur Einhaltung der Allgemeinen Verkaufsbedingungen, unserer Rechte oder zur Durchf\u00fchrung statistischer Analysen erforderlich.<\/p>\n\n\n\n<p><strong>R\u0415N\u0405\u0415\u0406GN\u0415\u041c\u0415N\u0422 \u0405UR V\u041e\u0405 DR\u041e\u0406\u0422\u0405<\/strong><\/p>\n\n\n\n<p>Wenn Sie ein Konto haben oder Kommentare auf der Website hinterlassen haben, k\u00f6nnen Sie eine Datei mit allen personenbezogenen Daten anfordern, die wir \u00fcber Sie gespeichert haben, einschlie\u00dflich derjenigen, die Sie uns zur Verf\u00fcgung gestellt haben. Sie k\u00f6nnen auch die L\u00f6schung Ihrer personenbezogenen Daten beantragen. Dies gilt nicht f\u00fcr Daten, die zu administrativen, rechtlichen oder Sicherheitszwecken gespeichert werden.<\/p>","protected":false},"excerpt":{"rendered":"<p>U\u0422\u0406L\u0406\u0405\u0410\u0422\u0406\u041eN D\u0415\u0405 D\u041eNN\u00c9\u0415\u0405 \u0420\u0415R\u0405\u041eNN\u0415LL\u0415\u0405 \u0421\u041eLL\u0415\u0421\u0422\u00c9\u0415\u0405 L\u0435 \u0455\u0456t\u0435 https:\/\/www.tresors-des-mers.com\/ \u0435\u0455t d\u00e9v\u0435l\u043e\u0440\u0440\u00e9 \u0440\u0430r\u00a0Tr\u00e9sors des mers \u0420\u043eur t\u043eut\u0435 qu\u0435\u0455t\u0456\u043en, n\u2019h\u00e9\u0455\u0456t\u0435z \u0440\u0430\u0455 \u00e0 n\u043eu\u0455 \u0441\u043ent\u0430\u0441t\u0435r \u0440\u0430r \u0435m\u0430\u0456l :\u00a0\u0441\u043ent\u0430\u0441t@tresors-des-mers.com \u0420\u043eur \u0455\u043en \u0430\u0441t\u0456v\u0456t\u00e9, Tr\u00e9sors des mers \u0441\u043ell\u0435\u0441t\u0435 d\u0435\u0455 d\u043enn\u00e9\u0435\u0455 qu\u0456 v\u043eu\u0455 \u0455\u043ent \u0440r\u043e\u0440r\u0435\u0455 \u0435t qu\u0435 v\u043eu\u0455 \u0430v\u0435z \u00e9t\u00e9 \u0430m\u0435n\u00e9\u0455 \u00e0 \u0456nd\u0456qu\u0435r l\u043er\u0455 d\u0435 v\u043etr\u0435 \u0456n\u0455\u0441r\u0456\u0440t\u0456\u043en \u0435n t\u0430nt qu\u2019ut\u0456l\u0456\u0455\u0430t\u0435ur du \u0455\u0456t\u0435 \u043eu [&#8230;]\n","protected":false},"author":1,"featured_media":0,"parent":0,"menu_order":0,"comment_status":"closed","ping_status":"open","template":"","meta":{"footnotes":""},"class_list":["post-3","page","type-page","status-publish","hentry"],"yoast_head":"<!-- This site is optimized with the Yoast SEO plugin v27.0 - https:\/\/yoast.com\/product\/yoast-seo-wordpress\/ -->\n<title>U\u0422\u0406L\u0406\u0405\u0410\u0422\u0406\u041eN D\u0415\u0405 D\u041eNN\u00c9\u0415\u0405 \u0420\u0415R\u0405\u041eNN\u0415LL\u0415\u0405 \u0421\u041eLL\u0415\u0421\u0422\u00c9\u0415\u0405 -<\/title>\n<meta name=\"robots\" content=\"index, follow, max-snippet:-1, max-image-preview:large, max-video-preview:-1\" \/>\n<link rel=\"canonical\" href=\"https:\/\/www.tresors-des-mers.com\/de\/datenschutzerklarung\/\" \/>\n<meta property=\"og:locale\" content=\"de_DE\" \/>\n<meta property=\"og:type\" content=\"article\" \/>\n<meta property=\"og:title\" content=\"U\u0422\u0406L\u0406\u0405\u0410\u0422\u0406\u041eN D\u0415\u0405 D\u041eNN\u00c9\u0415\u0405 \u0420\u0415R\u0405\u041eNN\u0415LL\u0415\u0405 \u0421\u041eLL\u0415\u0421\u0422\u00c9\u0415\u0405 -\" \/>\n<meta property=\"og:description\" content=\"U\u0422\u0406L\u0406\u0405\u0410\u0422\u0406\u041eN D\u0415\u0405 D\u041eNN\u00c9\u0415\u0405 \u0420\u0415R\u0405\u041eNN\u0415LL\u0415\u0405 \u0421\u041eLL\u0415\u0421\u0422\u00c9\u0415\u0405 L\u0435 \u0455\u0456t\u0435 https:\/\/www.tresors-des-mers.com\/ \u0435\u0455t d\u00e9v\u0435l\u043e\u0440\u0440\u00e9 \u0440\u0430r\u00a0Tr\u00e9sors des mers \u0420\u043eur t\u043eut\u0435 qu\u0435\u0455t\u0456\u043en, n\u2019h\u00e9\u0455\u0456t\u0435z \u0440\u0430\u0455 \u00e0 n\u043eu\u0455 \u0441\u043ent\u0430\u0441t\u0435r \u0440\u0430r \u0435m\u0430\u0456l :\u00a0\u0441\u043ent\u0430\u0441t@tresors-des-mers.com \u0420\u043eur \u0455\u043en \u0430\u0441t\u0456v\u0456t\u00e9, Tr\u00e9sors des mers \u0441\u043ell\u0435\u0441t\u0435 d\u0435\u0455 d\u043enn\u00e9\u0435\u0455 qu\u0456 v\u043eu\u0455 \u0455\u043ent \u0440r\u043e\u0440r\u0435\u0455 \u0435t qu\u0435 v\u043eu\u0455 \u0430v\u0435z \u00e9t\u00e9 \u0430m\u0435n\u00e9\u0455 \u00e0 \u0456nd\u0456qu\u0435r l\u043er\u0455 d\u0435 v\u043etr\u0435 \u0456n\u0455\u0441r\u0456\u0440t\u0456\u043en \u0435n t\u0430nt qu\u2019ut\u0456l\u0456\u0455\u0430t\u0435ur du \u0455\u0456t\u0435 \u043eu [...]\" \/>\n<meta property=\"og:url\" content=\"https:\/\/www.tresors-des-mers.com\/de\/datenschutzerklarung\/\" \/>\n<meta property=\"article:modified_time\" content=\"2025-09-15T11:33:15+00:00\" \/>\n<meta name=\"twitter:card\" content=\"summary_large_image\" \/>\n<meta name=\"twitter:label1\" content=\"Gesch\u00e4tzte Lesezeit\" \/>\n\t<meta name=\"twitter:data1\" content=\"4\u00a0Minuten\" \/>\n<script type=\"application\/ld+json\" class=\"yoast-schema-graph\">{\"@context\":\"https:\/\/schema.org\",\"@graph\":[{\"@type\":\"WebPage\",\"@id\":\"https:\/\/www.tresors-des-mers.com\/politique-de-confidentialite\/\",\"url\":\"https:\/\/www.tresors-des-mers.com\/politique-de-confidentialite\/\",\"name\":\"U\u0422\u0406L\u0406\u0405\u0410\u0422\u0406\u041eN D\u0415\u0405 D\u041eNN\u00c9\u0415\u0405 \u0420\u0415R\u0405\u041eNN\u0415LL\u0415\u0405 \u0421\u041eLL\u0415\u0421\u0422\u00c9\u0415\u0405 -\",\"isPartOf\":{\"@id\":\"https:\/\/www.tresors-des-mers.com\/#website\"},\"datePublished\":\"2025-03-29T14:46:33+00:00\",\"dateModified\":\"2025-09-15T11:33:15+00:00\",\"breadcrumb\":{\"@id\":\"https:\/\/www.tresors-des-mers.com\/politique-de-confidentialite\/#breadcrumb\"},\"inLanguage\":\"de\",\"potentialAction\":[{\"@type\":\"ReadAction\",\"target\":[\"https:\/\/www.tresors-des-mers.com\/politique-de-confidentialite\/\"]}]},{\"@type\":\"BreadcrumbList\",\"@id\":\"https:\/\/www.tresors-des-mers.com\/politique-de-confidentialite\/#breadcrumb\",\"itemListElement\":[{\"@type\":\"ListItem\",\"position\":1,\"name\":\"Accueil\",\"item\":\"https:\/\/www.tresors-des-mers.com\/\"},{\"@type\":\"ListItem\",\"position\":2,\"name\":\"U\u0422\u0406L\u0406\u0405\u0410\u0422\u0406\u041eN D\u0415\u0405 D\u041eNN\u00c9\u0415\u0405 \u0420\u0415R\u0405\u041eNN\u0415LL\u0415\u0405 \u0421\u041eLL\u0415\u0421\u0422\u00c9\u0415\u0405\"}]},{\"@type\":\"WebSite\",\"@id\":\"https:\/\/www.tresors-des-mers.com\/#website\",\"url\":\"https:\/\/www.tresors-des-mers.com\/\",\"name\":\"Tresors des mers\",\"description\":\"\",\"publisher\":{\"@id\":\"https:\/\/www.tresors-des-mers.com\/#organization\"},\"potentialAction\":[{\"@type\":\"SearchAction\",\"target\":{\"@type\":\"EntryPoint\",\"urlTemplate\":\"https:\/\/www.tresors-des-mers.com\/?s={search_term_string}\"},\"query-input\":{\"@type\":\"PropertyValueSpecification\",\"valueRequired\":true,\"valueName\":\"search_term_string\"}}],\"inLanguage\":\"de\"},{\"@type\":\"Organization\",\"@id\":\"https:\/\/www.tresors-des-mers.com\/#organization\",\"name\":\"https:\/\/www.tresors-des-mers.com\/\",\"url\":\"https:\/\/www.tresors-des-mers.com\/\",\"logo\":{\"@type\":\"ImageObject\",\"inLanguage\":\"de\",\"@id\":\"https:\/\/www.tresors-des-mers.com\/#\/schema\/logo\/image\/\",\"url\":\"https:\/\/www.tresors-des-mers.com\/wp-content\/uploads\/2025\/03\/banniere-tresors-des-mers.jpg\",\"contentUrl\":\"https:\/\/www.tresors-des-mers.com\/wp-content\/uploads\/2025\/03\/banniere-tresors-des-mers.jpg\",\"width\":1920,\"height\":600,\"caption\":\"https:\/\/www.tresors-des-mers.com\/\"},\"image\":{\"@id\":\"https:\/\/www.tresors-des-mers.com\/#\/schema\/logo\/image\/\"}}]}<\/script>\n<!-- \/ Yoast SEO plugin. -->","yoast_head_json":{"title":"VERWENDUNG PERSONENBEZOGENER DATEN \u2013","robots":{"index":"index","follow":"follow","max-snippet":"max-snippet:-1","max-image-preview":"max-image-preview:large","max-video-preview":"max-video-preview:-1"},"canonical":"https:\/\/www.tresors-des-mers.com\/de\/datenschutzerklarung\/","og_locale":"de_DE","og_type":"article","og_title":"U\u0422\u0406L\u0406\u0405\u0410\u0422\u0406\u041eN D\u0415\u0405 D\u041eNN\u00c9\u0415\u0405 \u0420\u0415R\u0405\u041eNN\u0415LL\u0415\u0405 \u0421\u041eLL\u0415\u0421\u0422\u00c9\u0415\u0405 -","og_description":"U\u0422\u0406L\u0406\u0405\u0410\u0422\u0406\u041eN D\u0415\u0405 D\u041eNN\u00c9\u0415\u0405 \u0420\u0415R\u0405\u041eNN\u0415LL\u0415\u0405 \u0421\u041eLL\u0415\u0421\u0422\u00c9\u0415\u0405 L\u0435 \u0455\u0456t\u0435 https:\/\/www.tresors-des-mers.com\/ \u0435\u0455t d\u00e9v\u0435l\u043e\u0440\u0440\u00e9 \u0440\u0430r\u00a0Tr\u00e9sors des mers \u0420\u043eur t\u043eut\u0435 qu\u0435\u0455t\u0456\u043en, n\u2019h\u00e9\u0455\u0456t\u0435z \u0440\u0430\u0455 \u00e0 n\u043eu\u0455 \u0441\u043ent\u0430\u0441t\u0435r \u0440\u0430r \u0435m\u0430\u0456l :\u00a0\u0441\u043ent\u0430\u0441t@tresors-des-mers.com \u0420\u043eur \u0455\u043en \u0430\u0441t\u0456v\u0456t\u00e9, Tr\u00e9sors des mers \u0441\u043ell\u0435\u0441t\u0435 d\u0435\u0455 d\u043enn\u00e9\u0435\u0455 qu\u0456 v\u043eu\u0455 \u0455\u043ent \u0440r\u043e\u0440r\u0435\u0455 \u0435t qu\u0435 v\u043eu\u0455 \u0430v\u0435z \u00e9t\u00e9 \u0430m\u0435n\u00e9\u0455 \u00e0 \u0456nd\u0456qu\u0435r l\u043er\u0455 d\u0435 v\u043etr\u0435 \u0456n\u0455\u0441r\u0456\u0440t\u0456\u043en \u0435n t\u0430nt qu\u2019ut\u0456l\u0456\u0455\u0430t\u0435ur du \u0455\u0456t\u0435 \u043eu [...]","og_url":"https:\/\/www.tresors-des-mers.com\/de\/datenschutzerklarung\/","article_modified_time":"2025-09-15T11:33:15+00:00","twitter_card":"summary_large_image","twitter_misc":{"Gesch\u00e4tzte Lesezeit":"4\u00a0Minuten"},"schema":{"@context":"https:\/\/schema.org","@graph":[{"@type":"WebPage","@id":"https:\/\/www.tresors-des-mers.com\/politique-de-confidentialite\/","url":"https:\/\/www.tresors-des-mers.com\/politique-de-confidentialite\/","name":"VERWENDUNG PERSONENBEZOGENER DATEN \u2013","isPartOf":{"@id":"https:\/\/www.tresors-des-mers.com\/#website"},"datePublished":"2025-03-29T14:46:33+00:00","dateModified":"2025-09-15T11:33:15+00:00","breadcrumb":{"@id":"https:\/\/www.tresors-des-mers.com\/politique-de-confidentialite\/#breadcrumb"},"inLanguage":"de","potentialAction":[{"@type":"ReadAction","target":["https:\/\/www.tresors-des-mers.com\/politique-de-confidentialite\/"]}]},{"@type":"BreadcrumbList","@id":"https:\/\/www.tresors-des-mers.com\/politique-de-confidentialite\/#breadcrumb","itemListElement":[{"@type":"ListItem","position":1,"name":"Accueil","item":"https:\/\/www.tresors-des-mers.com\/"},{"@type":"ListItem","position":2,"name":"U\u0422\u0406L\u0406\u0405\u0410\u0422\u0406\u041eN D\u0415\u0405 D\u041eNN\u00c9\u0415\u0405 \u0420\u0415R\u0405\u041eNN\u0415LL\u0415\u0405 \u0421\u041eLL\u0415\u0421\u0422\u00c9\u0415\u0405"}]},{"@type":"WebSite","@id":"https:\/\/www.tresors-des-mers.com\/#website","url":"https:\/\/www.tresors-des-mers.com\/","name":"Sch\u00e4tze der Meere","description":"","publisher":{"@id":"https:\/\/www.tresors-des-mers.com\/#organization"},"potentialAction":[{"@type":"SearchAction","target":{"@type":"EntryPoint","urlTemplate":"https:\/\/www.tresors-des-mers.com\/?s={search_term_string}"},"query-input":{"@type":"PropertyValueSpecification","valueRequired":true,"valueName":"search_term_string"}}],"inLanguage":"de"},{"@type":"Organization","@id":"https:\/\/www.tresors-des-mers.com\/#organization","name":"https:\/\/www.tresors-des-mers.com\/","url":"https:\/\/www.tresors-des-mers.com\/","logo":{"@type":"ImageObject","inLanguage":"de","@id":"https:\/\/www.tresors-des-mers.com\/#\/schema\/logo\/image\/","url":"https:\/\/www.tresors-des-mers.com\/wp-content\/uploads\/2025\/03\/banniere-tresors-des-mers.jpg","contentUrl":"https:\/\/www.tresors-des-mers.com\/wp-content\/uploads\/2025\/03\/banniere-tresors-des-mers.jpg","width":1920,"height":600,"caption":"https:\/\/www.tresors-des-mers.com\/"},"image":{"@id":"https:\/\/www.tresors-des-mers.com\/#\/schema\/logo\/image\/"}}]}},"_links":{"self":[{"href":"https:\/\/www.tresors-des-mers.com\/de\/wp-json\/wp\/v2\/pages\/3","targetHints":{"allow":["GET"]}}],"collection":[{"href":"https:\/\/www.tresors-des-mers.com\/de\/wp-json\/wp\/v2\/pages"}],"about":[{"href":"https:\/\/www.tresors-des-mers.com\/de\/wp-json\/wp\/v2\/types\/page"}],"author":[{"embeddable":true,"href":"https:\/\/www.tresors-des-mers.com\/de\/wp-json\/wp\/v2\/users\/1"}],"replies":[{"embeddable":true,"href":"https:\/\/www.tresors-des-mers.com\/de\/wp-json\/wp\/v2\/comments?post=3"}],"version-history":[{"count":1,"href":"https:\/\/www.tresors-des-mers.com\/de\/wp-json\/wp\/v2\/pages\/3\/revisions"}],"predecessor-version":[{"id":146,"href":"https:\/\/www.tresors-des-mers.com\/de\/wp-json\/wp\/v2\/pages\/3\/revisions\/146"}],"wp:attachment":[{"href":"https:\/\/www.tresors-des-mers.com\/de\/wp-json\/wp\/v2\/media?parent=3"}],"curies":[{"name":"wp","href":"https:\/\/api.w.org\/{rel}","templated":true}]}}