{"id":59,"date":"2025-03-29T17:03:14","date_gmt":"2025-03-29T17:03:14","guid":{"rendered":"https:\/\/www.tresors-des-mers.com\/?page_id=59"},"modified":"2025-09-22T08:43:47","modified_gmt":"2025-09-22T08:43:47","slug":"rechtliche-hinweise","status":"publish","type":"page","link":"https:\/\/www.tresors-des-mers.com\/de\/mentions-legales\/","title":{"rendered":"Rechtliche Hinweise"},"content":{"rendered":"<h1 class=\"wp-block-heading\"><strong>Rechtliche Hinweise:<\/strong><\/h1>\n\n\n\n<p><strong><br><\/strong>Gem\u00e4\u00df Artikel 6 des Gesetzes Nr. 2004-575 vom 21. Juni 2004 \u00fcber das Vertrauen in die digitale Wirtschaft werden die Nutzer der Website Tr\u00e9sors des mers \u00fcber die Identit\u00e4t der verschiedenen Akteure informiert, die an ihrer Erstellung und Betreuung beteiligt sind:<\/p>\n\n\n\n<p>Eigent\u00fcmer: Tr\u00e9sors des mers \u2013 HTAC (Fabien Utjesenovic) \u2013 5 RUE CLAUDE DEBUSSY 89100 PARON.<\/p>\n\n\n\n<p>commande.prepa@gmail.com,<\/p>\n\n\n\n<p>Entwickler: Sch\u00e4tze der Meere<br>Verantwortlicher Herausgeber: Tr\u00e9sors des mers<br>Webmaster: Sch\u00e4tze der Meere<br>Hosting-Anbieter: 02switch, Chem. des Pardiaux, 63000 Clermont-Ferrand, Frankreich, +33 4 44 44 60 40<\/p>","protected":false},"excerpt":{"rendered":"<p>Mentions l\u00e9gales : En vertu de l\u2019article 6 de la loi n\u00b0 2004-575 du 21 juin 2004 pour la confiance dans l\u2019\u00e9conomie num\u00e9rique, il est pr\u00e9cis\u00e9 aux utilisateurs du site Tr\u00e9sors des mers l\u2019identit\u00e9 des diff\u00e9rents intervenants dans le cadre de sa r\u00e9alisation et de son suivi : Propri\u00e9taire : Tr\u00e9sors des mers &#8211; HTAC [&#8230;]\n","protected":false},"author":1,"featured_media":0,"parent":0,"menu_order":0,"comment_status":"closed","ping_status":"closed","template":"","meta":{"footnotes":""},"class_list":["post-59","page","type-page","status-publish","hentry"],"yoast_head":"<!-- This site is optimized with the Yoast SEO plugin v27.0 - https:\/\/yoast.com\/product\/yoast-seo-wordpress\/ -->\n<title>Mentions l\u00e9gales -<\/title>\n<meta name=\"robots\" content=\"noindex, nofollow\" \/>\n<meta property=\"og:locale\" content=\"de_DE\" \/>\n<meta property=\"og:type\" content=\"article\" \/>\n<meta property=\"og:title\" content=\"Mentions l\u00e9gales -\" \/>\n<meta property=\"og:description\" content=\"Mentions l\u00e9gales : En vertu de l\u2019article 6 de la loi n\u00b0 2004-575 du 21 juin 2004 pour la confiance dans l\u2019\u00e9conomie num\u00e9rique, il est pr\u00e9cis\u00e9 aux utilisateurs du site Tr\u00e9sors des mers l\u2019identit\u00e9 des diff\u00e9rents intervenants dans le cadre de sa r\u00e9alisation et de son suivi : Propri\u00e9taire : Tr\u00e9sors des mers &#8211; HTAC [...]\" \/>\n<meta property=\"og:url\" content=\"https:\/\/www.tresors-des-mers.com\/de\/rechtliche-hinweise\/\" \/>\n<meta property=\"article:modified_time\" content=\"2025-09-22T08:43:47+00:00\" \/>\n<meta name=\"twitter:card\" content=\"summary_large_image\" \/>\n<meta name=\"twitter:label1\" content=\"Gesch\u00e4tzte Lesezeit\" \/>\n\t<meta name=\"twitter:data1\" content=\"1\u00a0Minute\" \/>\n<script type=\"application\/ld+json\" class=\"yoast-schema-graph\">{\"@context\":\"https:\/\/schema.org\",\"@graph\":[{\"@type\":\"WebPage\",\"@id\":\"https:\/\/www.tresors-des-mers.com\/mentions-legales\/\",\"url\":\"https:\/\/www.tresors-des-mers.com\/mentions-legales\/\",\"name\":\"Mentions l\u00e9gales -\",\"isPartOf\":{\"@id\":\"https:\/\/www.tresors-des-mers.com\/#website\"},\"datePublished\":\"2025-03-29T17:03:14+00:00\",\"dateModified\":\"2025-09-22T08:43:47+00:00\",\"breadcrumb\":{\"@id\":\"https:\/\/www.tresors-des-mers.com\/mentions-legales\/#breadcrumb\"},\"inLanguage\":\"de\",\"potentialAction\":[{\"@type\":\"ReadAction\",\"target\":[\"https:\/\/www.tresors-des-mers.com\/mentions-legales\/\"]}]},{\"@type\":\"BreadcrumbList\",\"@id\":\"https:\/\/www.tresors-des-mers.com\/mentions-legales\/#breadcrumb\",\"itemListElement\":[{\"@type\":\"ListItem\",\"position\":1,\"name\":\"Accueil\",\"item\":\"https:\/\/www.tresors-des-mers.com\/\"},{\"@type\":\"ListItem\",\"position\":2,\"name\":\"Mentions l\u00e9gales\"}]},{\"@type\":\"WebSite\",\"@id\":\"https:\/\/www.tresors-des-mers.com\/#website\",\"url\":\"https:\/\/www.tresors-des-mers.com\/\",\"name\":\"Tresors des mers\",\"description\":\"\",\"publisher\":{\"@id\":\"https:\/\/www.tresors-des-mers.com\/#organization\"},\"potentialAction\":[{\"@type\":\"SearchAction\",\"target\":{\"@type\":\"EntryPoint\",\"urlTemplate\":\"https:\/\/www.tresors-des-mers.com\/?s={search_term_string}\"},\"query-input\":{\"@type\":\"PropertyValueSpecification\",\"valueRequired\":true,\"valueName\":\"search_term_string\"}}],\"inLanguage\":\"de\"},{\"@type\":\"Organization\",\"@id\":\"https:\/\/www.tresors-des-mers.com\/#organization\",\"name\":\"https:\/\/www.tresors-des-mers.com\/\",\"url\":\"https:\/\/www.tresors-des-mers.com\/\",\"logo\":{\"@type\":\"ImageObject\",\"inLanguage\":\"de\",\"@id\":\"https:\/\/www.tresors-des-mers.com\/#\/schema\/logo\/image\/\",\"url\":\"https:\/\/www.tresors-des-mers.com\/wp-content\/uploads\/2025\/03\/banniere-tresors-des-mers.jpg\",\"contentUrl\":\"https:\/\/www.tresors-des-mers.com\/wp-content\/uploads\/2025\/03\/banniere-tresors-des-mers.jpg\",\"width\":1920,\"height\":600,\"caption\":\"https:\/\/www.tresors-des-mers.com\/\"},\"image\":{\"@id\":\"https:\/\/www.tresors-des-mers.com\/#\/schema\/logo\/image\/\"}}]}<\/script>\n<!-- \/ Yoast SEO plugin. -->","yoast_head_json":{"title":"Rechtliche Hinweise -","robots":{"index":"noindex","follow":"nofollow"},"og_locale":"de_DE","og_type":"article","og_title":"Mentions l\u00e9gales -","og_description":"Mentions l\u00e9gales : En vertu de l\u2019article 6 de la loi n\u00b0 2004-575 du 21 juin 2004 pour la confiance dans l\u2019\u00e9conomie num\u00e9rique, il est pr\u00e9cis\u00e9 aux utilisateurs du site Tr\u00e9sors des mers l\u2019identit\u00e9 des diff\u00e9rents intervenants dans le cadre de sa r\u00e9alisation et de son suivi : Propri\u00e9taire : Tr\u00e9sors des mers &#8211; HTAC [...]","og_url":"https:\/\/www.tresors-des-mers.com\/de\/rechtliche-hinweise\/","article_modified_time":"2025-09-22T08:43:47+00:00","twitter_card":"summary_large_image","twitter_misc":{"Gesch\u00e4tzte Lesezeit":"1\u00a0Minute"},"schema":{"@context":"https:\/\/schema.org","@graph":[{"@type":"WebPage","@id":"https:\/\/www.tresors-des-mers.com\/mentions-legales\/","url":"https:\/\/www.tresors-des-mers.com\/mentions-legales\/","name":"Rechtliche Hinweise -","isPartOf":{"@id":"https:\/\/www.tresors-des-mers.com\/#website"},"datePublished":"2025-03-29T17:03:14+00:00","dateModified":"2025-09-22T08:43:47+00:00","breadcrumb":{"@id":"https:\/\/www.tresors-des-mers.com\/mentions-legales\/#breadcrumb"},"inLanguage":"de","potentialAction":[{"@type":"ReadAction","target":["https:\/\/www.tresors-des-mers.com\/mentions-legales\/"]}]},{"@type":"BreadcrumbList","@id":"https:\/\/www.tresors-des-mers.com\/mentions-legales\/#breadcrumb","itemListElement":[{"@type":"ListItem","position":1,"name":"Accueil","item":"https:\/\/www.tresors-des-mers.com\/"},{"@type":"ListItem","position":2,"name":"Mentions l\u00e9gales"}]},{"@type":"WebSite","@id":"https:\/\/www.tresors-des-mers.com\/#website","url":"https:\/\/www.tresors-des-mers.com\/","name":"Sch\u00e4tze der Meere","description":"","publisher":{"@id":"https:\/\/www.tresors-des-mers.com\/#organization"},"potentialAction":[{"@type":"SearchAction","target":{"@type":"EntryPoint","urlTemplate":"https:\/\/www.tresors-des-mers.com\/?s={search_term_string}"},"query-input":{"@type":"PropertyValueSpecification","valueRequired":true,"valueName":"search_term_string"}}],"inLanguage":"de"},{"@type":"Organization","@id":"https:\/\/www.tresors-des-mers.com\/#organization","name":"https:\/\/www.tresors-des-mers.com\/","url":"https:\/\/www.tresors-des-mers.com\/","logo":{"@type":"ImageObject","inLanguage":"de","@id":"https:\/\/www.tresors-des-mers.com\/#\/schema\/logo\/image\/","url":"https:\/\/www.tresors-des-mers.com\/wp-content\/uploads\/2025\/03\/banniere-tresors-des-mers.jpg","contentUrl":"https:\/\/www.tresors-des-mers.com\/wp-content\/uploads\/2025\/03\/banniere-tresors-des-mers.jpg","width":1920,"height":600,"caption":"https:\/\/www.tresors-des-mers.com\/"},"image":{"@id":"https:\/\/www.tresors-des-mers.com\/#\/schema\/logo\/image\/"}}]}},"_links":{"self":[{"href":"https:\/\/www.tresors-des-mers.com\/de\/wp-json\/wp\/v2\/pages\/59","targetHints":{"allow":["GET"]}}],"collection":[{"href":"https:\/\/www.tresors-des-mers.com\/de\/wp-json\/wp\/v2\/pages"}],"about":[{"href":"https:\/\/www.tresors-des-mers.com\/de\/wp-json\/wp\/v2\/types\/page"}],"author":[{"embeddable":true,"href":"https:\/\/www.tresors-des-mers.com\/de\/wp-json\/wp\/v2\/users\/1"}],"replies":[{"embeddable":true,"href":"https:\/\/www.tresors-des-mers.com\/de\/wp-json\/wp\/v2\/comments?post=59"}],"version-history":[{"count":2,"href":"https:\/\/www.tresors-des-mers.com\/de\/wp-json\/wp\/v2\/pages\/59\/revisions"}],"predecessor-version":[{"id":155,"href":"https:\/\/www.tresors-des-mers.com\/de\/wp-json\/wp\/v2\/pages\/59\/revisions\/155"}],"wp:attachment":[{"href":"https:\/\/www.tresors-des-mers.com\/de\/wp-json\/wp\/v2\/media?parent=59"}],"curies":[{"name":"wp","href":"https:\/\/api.w.org\/{rel}","templated":true}]}}