{"id":59,"date":"2025-03-29T17:03:14","date_gmt":"2025-03-29T17:03:14","guid":{"rendered":"https:\/\/www.tresors-des-mers.com\/?page_id=59"},"modified":"2025-09-22T08:43:47","modified_gmt":"2025-09-22T08:43:47","slug":"legal-information","status":"publish","type":"page","link":"https:\/\/www.tresors-des-mers.com\/en\/mentions-legales\/","title":{"rendered":"Legal information"},"content":{"rendered":"<h1 class=\"wp-block-heading\"><strong>Legal information :<\/strong><\/h1>\n\n\n\n<p><strong><br><\/strong>By virtue of Article 6 of Law No. 2004-575 of 21 June 2004 on confidence in the digital economy, users of the Tr\u00e9sors des mers website are informed of the identity of the various parties involved in its creation and follow-up:<\/p>\n\n\n\n<p>Owner: Tr\u00e9sors des mers - HTAC (Fabien Utjesenovic) - 5 RUE CLAUDE DEBUSSY 89100 PARON.<\/p>\n\n\n\n<p>commande.prepa@gmail.com,<\/p>\n\n\n\n<p>Creator : Tr\u00e9sors des mers<br>Publication manager: Tr\u00e9sors des mers<br>Webmaster: Tr\u00e9sors des mers<br>Host: 02switch, Chem. des Pardiaux, 63000 Clermont-Ferrand, France, +33 4 44 44 60 40<\/p>","protected":false},"excerpt":{"rendered":"<p>Mentions l\u00e9gales : En vertu de l\u2019article 6 de la loi n\u00b0 2004-575 du 21 juin 2004 pour la confiance dans l\u2019\u00e9conomie num\u00e9rique, il est pr\u00e9cis\u00e9 aux utilisateurs du site Tr\u00e9sors des mers l\u2019identit\u00e9 des diff\u00e9rents intervenants dans le cadre de sa r\u00e9alisation et de son suivi : Propri\u00e9taire : Tr\u00e9sors des mers &#8211; HTAC [&#8230;]\n","protected":false},"author":1,"featured_media":0,"parent":0,"menu_order":0,"comment_status":"closed","ping_status":"closed","template":"","meta":{"footnotes":""},"class_list":["post-59","page","type-page","status-publish","hentry"],"yoast_head":"<!-- This site is optimized with the Yoast SEO plugin v27.0 - https:\/\/yoast.com\/product\/yoast-seo-wordpress\/ -->\n<title>Mentions l\u00e9gales -<\/title>\n<meta name=\"robots\" content=\"noindex, nofollow\" \/>\n<meta property=\"og:locale\" content=\"en_GB\" \/>\n<meta property=\"og:type\" content=\"article\" \/>\n<meta property=\"og:title\" content=\"Mentions l\u00e9gales -\" \/>\n<meta property=\"og:description\" content=\"Mentions l\u00e9gales : En vertu de l\u2019article 6 de la loi n\u00b0 2004-575 du 21 juin 2004 pour la confiance dans l\u2019\u00e9conomie num\u00e9rique, il est pr\u00e9cis\u00e9 aux utilisateurs du site Tr\u00e9sors des mers l\u2019identit\u00e9 des diff\u00e9rents intervenants dans le cadre de sa r\u00e9alisation et de son suivi : Propri\u00e9taire : Tr\u00e9sors des mers &#8211; HTAC [...]\" \/>\n<meta property=\"og:url\" content=\"https:\/\/www.tresors-des-mers.com\/en\/legal-information\/\" \/>\n<meta property=\"article:modified_time\" content=\"2025-09-22T08:43:47+00:00\" \/>\n<meta name=\"twitter:card\" content=\"summary_large_image\" \/>\n<meta name=\"twitter:label1\" content=\"Estimated reading time\" \/>\n\t<meta name=\"twitter:data1\" content=\"1 minute\" \/>\n<script type=\"application\/ld+json\" class=\"yoast-schema-graph\">{\"@context\":\"https:\/\/schema.org\",\"@graph\":[{\"@type\":\"WebPage\",\"@id\":\"https:\/\/www.tresors-des-mers.com\/mentions-legales\/\",\"url\":\"https:\/\/www.tresors-des-mers.com\/mentions-legales\/\",\"name\":\"Mentions l\u00e9gales -\",\"isPartOf\":{\"@id\":\"https:\/\/www.tresors-des-mers.com\/#website\"},\"datePublished\":\"2025-03-29T17:03:14+00:00\",\"dateModified\":\"2025-09-22T08:43:47+00:00\",\"breadcrumb\":{\"@id\":\"https:\/\/www.tresors-des-mers.com\/mentions-legales\/#breadcrumb\"},\"inLanguage\":\"en-GB\",\"potentialAction\":[{\"@type\":\"ReadAction\",\"target\":[\"https:\/\/www.tresors-des-mers.com\/mentions-legales\/\"]}]},{\"@type\":\"BreadcrumbList\",\"@id\":\"https:\/\/www.tresors-des-mers.com\/mentions-legales\/#breadcrumb\",\"itemListElement\":[{\"@type\":\"ListItem\",\"position\":1,\"name\":\"Accueil\",\"item\":\"https:\/\/www.tresors-des-mers.com\/\"},{\"@type\":\"ListItem\",\"position\":2,\"name\":\"Mentions l\u00e9gales\"}]},{\"@type\":\"WebSite\",\"@id\":\"https:\/\/www.tresors-des-mers.com\/#website\",\"url\":\"https:\/\/www.tresors-des-mers.com\/\",\"name\":\"Tresors des mers\",\"description\":\"\",\"publisher\":{\"@id\":\"https:\/\/www.tresors-des-mers.com\/#organization\"},\"potentialAction\":[{\"@type\":\"SearchAction\",\"target\":{\"@type\":\"EntryPoint\",\"urlTemplate\":\"https:\/\/www.tresors-des-mers.com\/?s={search_term_string}\"},\"query-input\":{\"@type\":\"PropertyValueSpecification\",\"valueRequired\":true,\"valueName\":\"search_term_string\"}}],\"inLanguage\":\"en-GB\"},{\"@type\":\"Organization\",\"@id\":\"https:\/\/www.tresors-des-mers.com\/#organization\",\"name\":\"https:\/\/www.tresors-des-mers.com\/\",\"url\":\"https:\/\/www.tresors-des-mers.com\/\",\"logo\":{\"@type\":\"ImageObject\",\"inLanguage\":\"en-GB\",\"@id\":\"https:\/\/www.tresors-des-mers.com\/#\/schema\/logo\/image\/\",\"url\":\"https:\/\/www.tresors-des-mers.com\/wp-content\/uploads\/2025\/03\/banniere-tresors-des-mers.jpg\",\"contentUrl\":\"https:\/\/www.tresors-des-mers.com\/wp-content\/uploads\/2025\/03\/banniere-tresors-des-mers.jpg\",\"width\":1920,\"height\":600,\"caption\":\"https:\/\/www.tresors-des-mers.com\/\"},\"image\":{\"@id\":\"https:\/\/www.tresors-des-mers.com\/#\/schema\/logo\/image\/\"}}]}<\/script>\n<!-- \/ Yoast SEO plugin. -->","yoast_head_json":{"title":"Legal information -","robots":{"index":"noindex","follow":"nofollow"},"og_locale":"en_GB","og_type":"article","og_title":"Mentions l\u00e9gales -","og_description":"Mentions l\u00e9gales : En vertu de l\u2019article 6 de la loi n\u00b0 2004-575 du 21 juin 2004 pour la confiance dans l\u2019\u00e9conomie num\u00e9rique, il est pr\u00e9cis\u00e9 aux utilisateurs du site Tr\u00e9sors des mers l\u2019identit\u00e9 des diff\u00e9rents intervenants dans le cadre de sa r\u00e9alisation et de son suivi : Propri\u00e9taire : Tr\u00e9sors des mers &#8211; HTAC [...]","og_url":"https:\/\/www.tresors-des-mers.com\/en\/legal-information\/","article_modified_time":"2025-09-22T08:43:47+00:00","twitter_card":"summary_large_image","twitter_misc":{"Estimated reading time":"1 minute"},"schema":{"@context":"https:\/\/schema.org","@graph":[{"@type":"WebPage","@id":"https:\/\/www.tresors-des-mers.com\/mentions-legales\/","url":"https:\/\/www.tresors-des-mers.com\/mentions-legales\/","name":"Legal information -","isPartOf":{"@id":"https:\/\/www.tresors-des-mers.com\/#website"},"datePublished":"2025-03-29T17:03:14+00:00","dateModified":"2025-09-22T08:43:47+00:00","breadcrumb":{"@id":"https:\/\/www.tresors-des-mers.com\/mentions-legales\/#breadcrumb"},"inLanguage":"en-GB","potentialAction":[{"@type":"ReadAction","target":["https:\/\/www.tresors-des-mers.com\/mentions-legales\/"]}]},{"@type":"BreadcrumbList","@id":"https:\/\/www.tresors-des-mers.com\/mentions-legales\/#breadcrumb","itemListElement":[{"@type":"ListItem","position":1,"name":"Accueil","item":"https:\/\/www.tresors-des-mers.com\/"},{"@type":"ListItem","position":2,"name":"Mentions l\u00e9gales"}]},{"@type":"WebSite","@id":"https:\/\/www.tresors-des-mers.com\/#website","url":"https:\/\/www.tresors-des-mers.com\/","name":"Sea Treasures","description":"","publisher":{"@id":"https:\/\/www.tresors-des-mers.com\/#organization"},"potentialAction":[{"@type":"SearchAction","target":{"@type":"EntryPoint","urlTemplate":"https:\/\/www.tresors-des-mers.com\/?s={search_term_string}"},"query-input":{"@type":"PropertyValueSpecification","valueRequired":true,"valueName":"search_term_string"}}],"inLanguage":"en-GB"},{"@type":"Organization","@id":"https:\/\/www.tresors-des-mers.com\/#organization","name":"https:\/\/www.tresors-des-mers.com\/","url":"https:\/\/www.tresors-des-mers.com\/","logo":{"@type":"ImageObject","inLanguage":"en-GB","@id":"https:\/\/www.tresors-des-mers.com\/#\/schema\/logo\/image\/","url":"https:\/\/www.tresors-des-mers.com\/wp-content\/uploads\/2025\/03\/banniere-tresors-des-mers.jpg","contentUrl":"https:\/\/www.tresors-des-mers.com\/wp-content\/uploads\/2025\/03\/banniere-tresors-des-mers.jpg","width":1920,"height":600,"caption":"https:\/\/www.tresors-des-mers.com\/"},"image":{"@id":"https:\/\/www.tresors-des-mers.com\/#\/schema\/logo\/image\/"}}]}},"_links":{"self":[{"href":"https:\/\/www.tresors-des-mers.com\/en\/wp-json\/wp\/v2\/pages\/59","targetHints":{"allow":["GET"]}}],"collection":[{"href":"https:\/\/www.tresors-des-mers.com\/en\/wp-json\/wp\/v2\/pages"}],"about":[{"href":"https:\/\/www.tresors-des-mers.com\/en\/wp-json\/wp\/v2\/types\/page"}],"author":[{"embeddable":true,"href":"https:\/\/www.tresors-des-mers.com\/en\/wp-json\/wp\/v2\/users\/1"}],"replies":[{"embeddable":true,"href":"https:\/\/www.tresors-des-mers.com\/en\/wp-json\/wp\/v2\/comments?post=59"}],"version-history":[{"count":2,"href":"https:\/\/www.tresors-des-mers.com\/en\/wp-json\/wp\/v2\/pages\/59\/revisions"}],"predecessor-version":[{"id":155,"href":"https:\/\/www.tresors-des-mers.com\/en\/wp-json\/wp\/v2\/pages\/59\/revisions\/155"}],"wp:attachment":[{"href":"https:\/\/www.tresors-des-mers.com\/en\/wp-json\/wp\/v2\/media?parent=59"}],"curies":[{"name":"wp","href":"https:\/\/api.w.org\/{rel}","templated":true}]}}